{"id":1241,"date":"2022-03-23T15:34:18","date_gmt":"2022-03-23T14:34:18","guid":{"rendered":"http:\/\/corsicacyclostage.fr\/?page_id=1241"},"modified":"2026-02-19T16:00:04","modified_gmt":"2026-02-19T15:00:04","slug":"parcours-segments-chronometres","status":"publish","type":"page","link":"http:\/\/corsicacyclostage.fr\/index.php\/parcours-segments-chronometres\/","title":{"rendered":"Parcours GT 20"},"content":{"rendered":"\n<div class=\"wp-block-buttons is-layout-flex\">\n<div class=\"wp-block-button is-style-outline\"><a class=\"wp-block-button__link has-very-light-gray-to-cyan-bluish-gray-gradient-background has-background wp-element-button\" href=\"http:\/\/corsicacyclostage.fr\/wp-content\/uploads\/2026\/01\/CORSICA-CYCLO-GENERAL-2026.jpg\" target=\"_blank\" rel=\"noreferrer noopener\">Parcours g\u00e9n\u00e9ral GT 20<\/a><\/div>\n<\/div>\n\n\n\n<p>&#8212;&#8212;&#8212;&#8212;&#8212;&#8212;&#8212;&#8212;&#8212;&#8212;&#8212;&#8212;&#8212;&#8212;&#8212;&#8212;&#8212;&#8212;&#8212;&#8212;&#8212;&#8212;&#8212;&#8212;&#8212;&#8212;&#8212;&#8212;&#8212;&#8212;<\/p>\n\n\n\n<div class=\"wp-block-buttons is-layout-flex\">\n<div class=\"wp-block-button is-style-outline\"><a class=\"wp-block-button__link has-blush-bordeaux-gradient-background has-background wp-element-button\" href=\"http:\/\/corsicacyclostage.fr\/wp-content\/uploads\/2026\/02\/Etape-1-2026-1.png\" target=\"_blank\" rel=\"noreferrer noopener\">Etape 1<\/a><\/div>\n<\/div>\n\n\n\n<div class=\"wp-block-buttons is-layout-flex\">\n<div class=\"wp-block-button is-style-outline\"><a class=\"wp-block-button__link has-blush-bordeaux-gradient-background has-background wp-element-button\" href=\"http:\/\/corsicacyclostage.fr\/wp-content\/uploads\/2025\/07\/Chrono-1-2026.png\" target=\"_blank\" rel=\"noreferrer noopener\">Chrono 1<\/a><\/div>\n<\/div>\n\n\n\n<p>&#8212;&#8212;&#8212;&#8212;&#8212;&#8212;&#8212;&#8212;&#8212;&#8212;&#8212;&#8212;&#8212;&#8212;&#8212;&#8212;&#8212;&#8212;&#8212;&#8212;&#8212;&#8212;&#8212;&#8212;&#8212;&#8212;&#8212;&#8212;&#8212;&#8212;<\/p>\n\n\n\n<div class=\"wp-block-buttons is-layout-flex\">\n<div class=\"wp-block-button is-style-outline\"><a class=\"wp-block-button__link has-luminous-vivid-amber-to-luminous-vivid-orange-gradient-background has-background wp-element-button\" href=\"http:\/\/corsicacyclostage.fr\/wp-content\/uploads\/2025\/07\/Etape-2-2026.png\" target=\"_blank\" rel=\"noreferrer noopener\">Etape 2<\/a><\/div>\n<\/div>\n\n\n\n<div class=\"wp-block-buttons is-layout-flex\">\n<div class=\"wp-block-button is-style-outline\"><a class=\"wp-block-button__link has-black-color has-luminous-vivid-amber-to-luminous-vivid-orange-gradient-background has-text-color has-background wp-element-button\" href=\"http:\/\/corsicacyclostage.fr\/wp-content\/uploads\/2025\/07\/Chrono-2-2026.png\" target=\"_blank\" rel=\"noreferrer noopener\">Chrono 2<\/a><\/div>\n<\/div>\n\n\n\n<p>&#8212;&#8212;&#8212;&#8212;&#8212;&#8212;&#8212;&#8212;&#8212;&#8212;&#8212;&#8212;&#8212;&#8212;&#8212;&#8212;&#8212;&#8212;&#8212;&#8212;&#8212;&#8212;&#8212;&#8212;&#8212;&#8212;&#8212;&#8212;&#8212;&#8212;<\/p>\n\n\n\n<div class=\"wp-block-buttons is-layout-flex\">\n<div class=\"wp-block-button is-style-outline\"><a class=\"wp-block-button__link has-electric-grass-gradient-background has-background wp-element-button\" href=\"http:\/\/corsicacyclostage.fr\/wp-content\/uploads\/2025\/07\/Etape-3-2026.png\" target=\"_blank\" rel=\"noreferrer noopener\">Etape 3<\/a><\/div>\n<\/div>\n\n\n\n<div class=\"wp-block-buttons is-layout-flex\">\n<div class=\"wp-block-button is-style-outline\"><a class=\"wp-block-button__link has-electric-grass-gradient-background has-background wp-element-button\" href=\"http:\/\/corsicacyclostage.fr\/wp-content\/uploads\/2025\/07\/Chrono-3-2026.png\" target=\"_blank\" rel=\"noreferrer noopener\">Chrono 3<\/a><\/div>\n<\/div>\n\n\n\n<p>&#8212;&#8212;&#8212;&#8212;&#8212;&#8212;&#8212;&#8212;&#8212;&#8212;&#8212;&#8212;&#8212;&#8212;&#8212;&#8212;&#8212;&#8212;&#8212;&#8212;&#8212;&#8212;&#8212;&#8212;&#8212;&#8212;&#8212;&#8212;&#8212;&#8212;<\/p>\n\n\n\n<div class=\"wp-block-buttons is-layout-flex\">\n<div class=\"wp-block-button is-style-outline\"><a class=\"wp-block-button__link has-blush-light-purple-gradient-background has-background wp-element-button\" href=\"http:\/\/corsicacyclostage.fr\/wp-content\/uploads\/2025\/07\/Etape-4-2026.png\" target=\"_blank\" rel=\"noreferrer noopener\">Etape 4<\/a><\/div>\n<\/div>\n\n\n\n<div class=\"wp-block-buttons is-layout-flex\">\n<div class=\"wp-block-button is-style-outline\"><a class=\"wp-block-button__link has-black-color has-blush-light-purple-gradient-background has-text-color has-background wp-element-button\" href=\"http:\/\/corsicacyclostage.fr\/wp-content\/uploads\/2025\/07\/Chrono-4-2026.png\" target=\"_blank\" rel=\"noreferrer noopener\">Chrono 4<\/a><\/div>\n\n\n\n<div class=\"wp-block-button is-style-outline\"><a class=\"wp-block-button__link has-black-color has-blush-light-purple-gradient-background has-text-color has-background wp-element-button\" href=\"http:\/\/corsicacyclostage.fr\/wp-content\/uploads\/2025\/07\/Chrono-5-2026.png\" target=\"_blank\" rel=\"noreferrer noopener\">Chrono 5<\/a><\/div>\n<\/div>\n\n\n\n<p>&#8212;&#8212;&#8212;&#8212;&#8212;&#8212;&#8212;&#8212;&#8212;&#8212;&#8212;&#8212;&#8212;&#8212;&#8212;&#8212;&#8212;&#8212;&#8212;&#8212;&#8212;&#8212;&#8212;&#8212;&#8212;&#8212;&#8212;&#8212;&#8212;&#8212;<\/p>\n\n\n\n<div class=\"wp-block-buttons is-layout-flex\">\n<div class=\"wp-block-button is-style-outline\"><a class=\"wp-block-button__link has-pale-ocean-gradient-background has-background wp-element-button\" href=\"http:\/\/corsicacyclostage.fr\/wp-content\/uploads\/2025\/07\/Etape-5-2026.png\" target=\"_blank\" rel=\"noreferrer noopener\">Etape 5<\/a><\/div>\n<\/div>\n\n\n\n<div class=\"wp-block-buttons is-layout-flex\">\n<div class=\"wp-block-button is-style-outline\"><a class=\"wp-block-button__link has-black-color has-pale-ocean-gradient-background has-text-color has-background wp-element-button\" href=\"http:\/\/corsicacyclostage.fr\/wp-content\/uploads\/2025\/07\/Chrono-6-2026.png\" target=\"_blank\" rel=\"noreferrer noopener\">Chrono 6<\/a><\/div>\n<\/div>\n\n\n\n<p>&#8212;&#8212;&#8212;&#8212;&#8212;&#8212;&#8212;&#8212;&#8212;&#8212;&#8212;&#8212;&#8212;&#8212;&#8212;&#8212;&#8212;&#8212;&#8212;&#8212;&#8212;&#8212;&#8212;&#8212;&#8212;&#8212;&#8212;&#8212;&#8212;&#8212;<\/p>\n\n\n\n<p class=\"has-text-align-center has-large-font-size\"><strong>Parcours et kilom\u00e9trages d\u00e9taill\u00e9s par \u00e9tape<\/strong><\/p>\n\n\n\n<p>&#8212;&#8212;&#8212;&#8212;&#8212;&#8212;&#8212;&#8212;&#8212;&#8212;&#8212;&#8212;&#8212;&#8212;&#8212;&#8212;&#8212;&#8212;&#8212;&#8212;&#8212;&#8212;&#8212;&#8212;&#8212;&#8212;&#8212;&#8212;&#8212;&#8212;<\/p>\n\n\n\n<div class=\"wp-block-buttons is-layout-flex\">\n<div class=\"wp-block-button is-style-outline\"><a class=\"wp-block-button__link has-blush-bordeaux-gradient-background has-background wp-element-button\" href=\"http:\/\/corsicacyclostage.fr\/wp-content\/uploads\/2026\/02\/Corsica-Cyclo-GT-20-etape-1.pdf\" target=\"_blank\" rel=\"noreferrer noopener\">Etape 1<\/a><\/div>\n\n\n\n<div class=\"wp-block-button is-style-outline\"><a class=\"wp-block-button__link has-luminous-vivid-amber-to-luminous-vivid-orange-gradient-background has-background wp-element-button\" href=\"http:\/\/corsicacyclostage.fr\/wp-content\/uploads\/2025\/07\/PARCOURS-CYCLO-GT-20-2-avec-image-eglise-version-2026.pdf\" target=\"_blank\" rel=\"noreferrer noopener\">Etape 2<\/a><\/div>\n\n\n\n<div class=\"wp-block-button is-style-outline\"><a class=\"wp-block-button__link has-electric-grass-gradient-background has-background wp-element-button\" href=\"http:\/\/corsicacyclostage.fr\/wp-content\/uploads\/2025\/07\/PARCOURS-CYCLO-GT-20-3-avec-image-Corte-version-2026.pdf\" target=\"_blank\" rel=\"noreferrer noopener\">Etape 3<\/a><\/div>\n\n\n\n<div class=\"wp-block-button is-style-outline\"><a class=\"wp-block-button__link has-blush-light-purple-gradient-background has-background wp-element-button\" href=\"http:\/\/corsicacyclostage.fr\/wp-content\/uploads\/2026\/02\/PARCOURS-CYCLO-GT-20-4-avec-image-Corte-version-2026.pdf\" target=\"_blank\" rel=\"noreferrer noopener\">Etape 4<\/a><\/div>\n\n\n\n<div class=\"wp-block-button is-style-outline\"><a class=\"wp-block-button__link has-pale-ocean-gradient-background has-background wp-element-button\" href=\"http:\/\/corsicacyclostage.fr\/wp-content\/uploads\/2025\/07\/PARCOURS-CYCLO-GT-20-5-avec-image-bonifacio-version-2026.pdf\" target=\"_blank\" rel=\"noreferrer noopener\">Etape 5<\/a><\/div>\n<\/div>\n\n\n\n<p>&#8212;&#8212;&#8212;&#8212;&#8212;&#8212;&#8212;&#8212;&#8212;&#8212;&#8212;&#8212;&#8212;&#8212;&#8212;&#8212;&#8212;&#8212;&#8212;&#8212;&#8212;&#8212;&#8212;&#8212;&#8212;&#8212;&#8212;&#8212;&#8212;&#8212;<\/p>\n\n\n\n<p class=\"has-text-align-center has-large-font-size\"><strong>Parcours g\u00e9n\u00e9ral Openrunner<\/strong><\/p>\n\n\n\n<p>&#8212;&#8212;&#8212;&#8212;&#8212;&#8212;&#8212;&#8212;&#8212;&#8212;&#8212;&#8212;&#8212;&#8212;&#8212;&#8212;&#8212;&#8212;&#8212;&#8212;&#8212;&#8212;&#8212;&#8212;&#8212;&#8212;&#8212;&#8212;&#8212;&#8212;<\/p>\n\n\n\n<div class=\"wp-block-buttons is-layout-flex\">\n<div class=\"wp-block-button is-style-outline\"><a class=\"wp-block-button__link has-very-light-gray-to-cyan-bluish-gray-gradient-background has-background wp-element-button\" href=\"https:\/\/www.openrunner.com\/r\/10242462\" target=\"_blank\" rel=\"noreferrer noopener\">Openrunner GT20 complet<\/a><\/div>\n<\/div>\n","protected":false},"excerpt":{"rendered":"<p>&#8212;&#8212;&#8212;&#8212;&#8212;&#8212;&#8212;&#8212;&#8212;&#8212;&#8212;&#8212;&#8212;&#8212;&#8212;&#8212;&#8212;&#8212;&#8212;&#8212;&#8212;&#8212;&#8212;&#8212;&#8212;&#8212;&#8212;&#8212;&#8212;&#8212; &#8212;&#8212;&#8212;&#8212;&#8212;&#8212;&#8212;&#8212;&#8212;&#8212;&#8212;&#8212;&#8212;&#8212;&#8212;&#8212;&#8212;&#8212;&#8212;&#8212;&#8212;&#8212;&#8212;&#8212;&#8212;&#8212;&#8212;&#8212;&#8212;&#8212; &#8212;&#8212;&#8212;&#8212;&#8212;&#8212;&#8212;&#8212;&#8212;&#8212;&#8212;&#8212;&#8212;&#8212;&#8212;&#8212;&#8212;&#8212;&#8212;&#8212;&#8212;&#8212;&#8212;&#8212;&#8212;&#8212;&#8212;&#8212;&#8212;&#8212; &#8212;&#8212;&#8212;&#8212;&#8212;&#8212;&#8212;&#8212;&#8212;&#8212;&#8212;&#8212;&#8212;&#8212;&#8212;&#8212;&#8212;&#8212;&#8212;&#8212;&#8212;&#8212;&#8212;&#8212;&#8212;&#8212;&#8212;&#8212;&#8212;&#8212; &#8212;&#8212;&#8212;&#8212;&#8212;&#8212;&#8212;&#8212;&#8212;&#8212;&#8212;&#8212;&#8212;&#8212;&#8212;&#8212;&#8212;&#8212;&#8212;&#8212;&#8212;&#8212;&#8212;&#8212;&#8212;&#8212;&#8212;&#8212;&#8212;&#8212; &#8212;&#8212;&#8212;&#8212;&#8212;&#8212;&#8212;&#8212;&#8212;&#8212;&#8212;&#8212;&#8212;&#8212;&#8212;&#8212;&#8212;&#8212;&#8212;&#8212;&#8212;&#8212;&#8212;&#8212;&#8212;&#8212;&#8212;&#8212;&#8212;&#8212; Parcours et kilom\u00e9trages d\u00e9taill\u00e9s par \u00e9tape &#8212;&#8212;&#8212;&#8212;&#8212;&#8212;&#8212;&#8212;&#8212;&#8212;&#8212;&#8212;&#8212;&#8212;&#8212;&#8212;&#8212;&#8212;&#8212;&#8212;&#8212;&#8212;&#8212;&#8212;&#8212;&#8212;&#8212;&#8212;&#8212;&#8212; &#8212;&#8212;&#8212;&#8212;&#8212;&#8212;&#8212;&#8212;&#8212;&#8212;&#8212;&#8212;&#8212;&#8212;&#8212;&#8212;&#8212;&#8212;&#8212;&#8212;&#8212;&#8212;&#8212;&#8212;&#8212;&#8212;&#8212;&#8212;&#8212;&#8212; Parcours g\u00e9n\u00e9ral Openrunner &#8212;&#8212;&#8212;&#8212;&#8212;&#8212;&#8212;&#8212;&#8212;&#8212;&#8212;&#8212;&#8212;&#8212;&#8212;&#8212;&#8212;&#8212;&#8212;&#8212;&#8212;&#8212;&#8212;&#8212;&#8212;&#8212;&#8212;&#8212;&#8212;&#8212;<\/p>\n","protected":false},"author":1,"featured_media":0,"parent":0,"menu_order":0,"comment_status":"closed","ping_status":"closed","template":"","meta":[],"_links":{"self":[{"href":"http:\/\/corsicacyclostage.fr\/index.php\/wp-json\/wp\/v2\/pages\/1241"}],"collection":[{"href":"http:\/\/corsicacyclostage.fr\/index.php\/wp-json\/wp\/v2\/pages"}],"about":[{"href":"http:\/\/corsicacyclostage.fr\/index.php\/wp-json\/wp\/v2\/types\/page"}],"author":[{"embeddable":true,"href":"http:\/\/corsicacyclostage.fr\/index.php\/wp-json\/wp\/v2\/users\/1"}],"replies":[{"embeddable":true,"href":"http:\/\/corsicacyclostage.fr\/index.php\/wp-json\/wp\/v2\/comments?post=1241"}],"version-history":[{"count":61,"href":"http:\/\/corsicacyclostage.fr\/index.php\/wp-json\/wp\/v2\/pages\/1241\/revisions"}],"predecessor-version":[{"id":2470,"href":"http:\/\/corsicacyclostage.fr\/index.php\/wp-json\/wp\/v2\/pages\/1241\/revisions\/2470"}],"wp:attachment":[{"href":"http:\/\/corsicacyclostage.fr\/index.php\/wp-json\/wp\/v2\/media?parent=1241"}],"curies":[{"name":"wp","href":"https:\/\/api.w.org\/{rel}","templated":true}]}}