{"id":1679,"date":"2023-10-30T22:19:12","date_gmt":"2023-10-30T21:19:12","guid":{"rendered":"http:\/\/corsicacyclostage.fr\/?page_id=1679"},"modified":"2025-10-06T17:28:10","modified_gmt":"2025-10-06T15:28:10","slug":"autocar","status":"publish","type":"page","link":"http:\/\/corsicacyclostage.fr\/index.php\/autocar\/","title":{"rendered":"Autocar"},"content":{"rendered":"\n<p class=\"has-light-green-cyan-background-color has-background\"><strong>Transfert autocar :\u00a010 Mai 2026 apr\u00e8s remise des prix \u00e0 Carbini : <\/strong><\/p>\n\n\n\n<p>Attention \u26a0\ufe0f Options obligatoires pour ceux qui n\u2019ont pas de v\u00e9hicules suiveurs.&nbsp; &nbsp; &nbsp; &nbsp; &nbsp; &nbsp; <\/p>\n\n\n\n<ul>\n<li>Carbini &#8211; Ajaccio (Ferries) : 33 euros (V\u00e9lo fourgon offert).\u00a0 \u00a0 \u00a0 \u00a0 \u00a0 \u00a0 \u00a0 \u00a0 <\/li>\n<\/ul>\n\n\n\n<ul>\n<li>Carbini &#8211; Bastia* : 35 euros (V\u00e9lo fourgon offert).\u00a0 \u00a0 \u00a0 \u00a0 \u00a0 \u00a0 \u00a0 \u00a0 <\/li>\n<\/ul>\n\n\n\n<p>Bagages \u00e0 mettre vous-m\u00eame dans les soutes de votre autocar, ainsi que votre v\u00e9lo dans le fourgon (couvertures fournies par l\u2019organisation).<\/p>\n\n\n\n<p>*Bastia : Choix de l\u2019h\u00e9bergement 10 Mai 2026 au soir : Sud H\u00f4tel.<\/p>\n\n\n\n<p class=\"has-light-green-cyan-background-color has-background\"><strong>Etape 4 : Porto &#8211; Ghisoni : <\/strong><\/p>\n\n\n\n<ul>\n<li>Transfert Ghisoni vers Perla di Mare (h\u00e9bergement) le 9 Mai apr\u00e8s l\u2019\u00e9tape (navettes de 20 places) et retour le 10 Mai de Perla di Mare vers Ghisoni (27 km) pour l\u2019\u00e9tape Ghisoni &#8211; Carbini. D\u00e9part de la navette du camping \u00e0 7h30.<\/li>\n<\/ul>\n\n\n\n<p>Pour ceux n\u2019ayant pas de v\u00e9hicule suiveur : 20 euros (aller\/retour) les v\u00e9los restant dans l\u2019\u00e9glise de Ghisoni (s\u00e9curis\u00e9e) durant la nuit.<\/p>\n\n\n\n<div class=\"wp-block-buttons is-layout-flex\">\n<div class=\"wp-block-button\"><a class=\"wp-block-button__link has-black-color has-electric-grass-gradient-background has-text-color has-background wp-element-button\" href=\"https:\/\/www.google.fr\/maps\/dir\/20227+Ghisoni\/Camping+Perla+Di+Mare+%C3%A0+Ghisonaccia+en+Corse,+Rte+de+la+Mer,+20240+Ghisonaccia\/@42.054771,9.2655707,12z\/data=!3m1!4b1!4m14!4m13!1m5!1m1!1s0x12d9f8b5651638d1:0x238e062f6de2f5f6!2m2!1d9.213772!2d42.103512!1m5!1m1!1s0x12d9e60090b85503:0x37cee3effb02c707!2m2!1d9.456807!2d42.004531!3e0?entry=ttu&amp;g_ep=EgoyMDI0MTAxNS4wIKXMDSoASAFQAw%3D%3D\" target=\"_blank\" rel=\"noreferrer noopener\">PLAN DU TRAJET<\/a><\/div>\n<\/div>\n","protected":false},"excerpt":{"rendered":"<p>Transfert autocar :\u00a010 Mai 2026 apr\u00e8s remise des prix \u00e0 Carbini : Attention \u26a0\ufe0f Options obligatoires pour ceux qui n\u2019ont pas de v\u00e9hicules suiveurs.&nbsp; &nbsp; &nbsp; &nbsp; &nbsp; &nbsp; Bagages \u00e0 mettre vous-m\u00eame dans les soutes de votre autocar, ainsi que votre v\u00e9lo dans le fourgon (couvertures fournies par l\u2019organisation). *Bastia : Choix de l\u2019h\u00e9bergement&hellip;<\/p>\n","protected":false},"author":1,"featured_media":0,"parent":0,"menu_order":0,"comment_status":"closed","ping_status":"closed","template":"","meta":[],"_links":{"self":[{"href":"http:\/\/corsicacyclostage.fr\/index.php\/wp-json\/wp\/v2\/pages\/1679"}],"collection":[{"href":"http:\/\/corsicacyclostage.fr\/index.php\/wp-json\/wp\/v2\/pages"}],"about":[{"href":"http:\/\/corsicacyclostage.fr\/index.php\/wp-json\/wp\/v2\/types\/page"}],"author":[{"embeddable":true,"href":"http:\/\/corsicacyclostage.fr\/index.php\/wp-json\/wp\/v2\/users\/1"}],"replies":[{"embeddable":true,"href":"http:\/\/corsicacyclostage.fr\/index.php\/wp-json\/wp\/v2\/comments?post=1679"}],"version-history":[{"count":5,"href":"http:\/\/corsicacyclostage.fr\/index.php\/wp-json\/wp\/v2\/pages\/1679\/revisions"}],"predecessor-version":[{"id":2365,"href":"http:\/\/corsicacyclostage.fr\/index.php\/wp-json\/wp\/v2\/pages\/1679\/revisions\/2365"}],"wp:attachment":[{"href":"http:\/\/corsicacyclostage.fr\/index.php\/wp-json\/wp\/v2\/media?parent=1679"}],"curies":[{"name":"wp","href":"https:\/\/api.w.org\/{rel}","templated":true}]}}