{"id":2329,"date":"2025-08-06T15:42:48","date_gmt":"2025-08-06T13:42:48","guid":{"rendered":"https:\/\/corsicacyclostage.fr\/?page_id=2329"},"modified":"2025-08-06T16:09:29","modified_gmt":"2025-08-06T14:09:29","slug":"interview-jean-marc-angelotti","status":"publish","type":"page","link":"http:\/\/corsicacyclostage.fr\/index.php\/interview-jean-marc-angelotti\/","title":{"rendered":"Interview Jean Marc ANGELOTTI"},"content":{"rendered":"\n<p><strong>Que vous inspire l\u2019\u00e9volution de la Corsica Cyclo GT 20&nbsp;? Tout le monde en parle, c\u2019est inesp\u00e9r\u00e9&nbsp;?<\/strong><\/p>\n\n\n\n<p>Ce n\u2019est pas inesp\u00e9r\u00e9 car le travail en commun avec l\u2019ATC (Agence du Tourisme de la Corse), le Service des Sports de la Collectivit\u00e9 de Corse et l\u2019organisation se fait en totale confiance et d\u2019ann\u00e9e en ann\u00e9e nous montons en puissance avec une progression constante dans tous les secteurs qui p\u00e8sent sur l\u2019organisation.<\/p>\n\n\n\n<p>Nous voulions monter en puissance tr\u00e8s vite, nous avons r\u00e9ussi ensemble et d\u00e8s la 3<sup>\u00e8me<\/sup> \u00e9dition, un dossier a \u00e9t\u00e9 d\u00e9pos\u00e9 par l\u2019organisation \u00e0 l\u2019UCI pour faire partie des GRANFONDO UCI WORLD SERIES, 30 \u00e9preuves sur les 5 continents.<\/p>\n\n\n\n<p>Nous avons \u00e9t\u00e9 entendus, \u00e0 nous maintenant de concr\u00e9tiser ce projet.<\/p>\n\n\n\n<p><strong>Certains m\u00e9dias disent que vous \u00eates l\u2019\u00e9preuve cyclosportive la plus m\u00e9diatis\u00e9e sur les revues sp\u00e9cialis\u00e9es&nbsp;et que l\u2019opinion cycliste est impressionn\u00e9e par les spots t\u00e9l\u00e9vis\u00e9s du GT 20 sur le Tour de France, GIRO, Tour de Suisse, etc.<\/strong><\/p>\n\n\n\n<p>Pour les parutions dans les revues sp\u00e9cialis\u00e9es, cela incombe \u00e0 l\u2019organisation par des pages enti\u00e8res d\u2019annonces sur des magazines nationaux et internationaux. \u00ab&nbsp;Nous avons cette ann\u00e9e comme l\u2019an pass\u00e9 sept pages sur le r\u00e9sum\u00e9 de la Corsica Cyclo GT 20 dans la revue de pr\u00e9sentation du Tour de France&nbsp;: Le Cycle. Pour le reste cela est de la comp\u00e9tence de l\u2019ATC, avec qui nous nous compl\u00e9tons parfaitement sur la promotion du GT 20 \u00e0 l\u2019ann\u00e9e pour l\u2019ATC, et nous pour l\u2019organisation de la Corsica Cyclo GT 20. Nous les remercions de nous inviter sur tous les salons europ\u00e9ens pour la promotion de la Corsica Cyclo GT 20&nbsp;\u00bb. Nous \u00e9tions pr\u00e9sents \u00e0 Florence dans un stand au d\u00e9part du Tour de France 2024 et depuis 3 ans au Roc d&rsquo;Azur. <\/p>\n\n\n\n<p>De plus Sportn&rsquo;connect, site d&rsquo;inscriptions en ligne d&rsquo;\u00e9preuves europ\u00e9ennes, fait que nous avons plus de 1 500 000 vues sur cette cyclosportive. Sportn&rsquo;connect et Monsieur Pierre BICHELOT son directeur g\u00e8re \u00e9galement la promotion du parcours GT 20 hors Corsica Cyclo GT 20.<\/p>\n\n\n\n<p><strong>N&rsquo;avez-vous pas crainte justement avec les moyens que vous mettez en commun que le parcours GT 20 sera&nbsp;sur fr\u00e9quent\u00e9&nbsp;?<\/strong><\/p>\n\n\n\n<p>Demandez \u00e0 certains socio-professionnels pr\u00e9sents sur le parcours ce qu\u2019ils en pensent, notamment Monsieur Gilles GIORGI du g\u00eete \u00ab&nbsp;U PIANU DI L\u2019AMICIZIA&nbsp;\u00bb \u00e0 Ghisoni. Pourquoi la cohabitation ne se ferait-elle pas&nbsp;? Surtout qu\u2019en Corse le parcours GT 20 peut \u00eatre emprunt\u00e9 \u00e0 l\u2019ann\u00e9e alors que dans les Alpes et les Pyr\u00e9n\u00e9es elle ne se fait que de Juin \u00e0 Septembre. Il serait utile de demander aux socio-professionnels de ces r\u00e9gions ce qu\u2019ils en pensent.<\/p>\n\n\n\n<p>C\u2019est s\u00fbr que la vague de cyclistes arrive.<\/p>\n\n\n\n<p>Je le r\u00e9p\u00e8te, hors Corsica Cyclo GT 20, ceci n\u2019est pas dans mes comp\u00e9tences.<\/p>\n\n\n\n<p><strong>Revenons \u00e0 la Corsica Cyclo GT 20, pourquoi avoir choisi comme parcours le GT 20&nbsp;?<\/strong><\/p>\n\n\n\n<p>Cela faisait longtemps que j\u2019avais dans la t\u00eate l\u2019id\u00e9e d\u2019organiser une \u00e9preuve embl\u00e9matique en Corse. Avec la candidature UCI, nous y sommes. L\u2019id\u00e9e vient de mon p\u00e8re Henri* qui, apr\u00e8s avoir eu connaissance du trac\u00e9 GT 20, m\u2019a pouss\u00e9 \u00e0 prendre rendez-vous avec l\u2019ATC et le Service des Sports de la Collectivit\u00e9 de Corse afin d\u2019en finaliser les contours. Rendez-vous pris, cette id\u00e9e s\u2019est concr\u00e9tis\u00e9e par des int\u00e9r\u00eats communs et c\u2019est parti, m\u00eame si la premi\u00e8re \u00e9dition a \u00e9t\u00e9 annul\u00e9e \u00e0 cause du COVID19.<\/p>\n\n\n\n<p><strong>*Organisateur de neuf Tour de Corse Cycliste professionnels dont le dernier vainqueur \u00e9tait Bernard HINAULT en 1982.<\/strong><\/p>\n\n\n\n<p><strong>Certains disent que vous avez \u00e9t\u00e9 embauch\u00e9 par l\u2019ATC&nbsp;?<\/strong><\/p>\n\n\n\n<p>Absolument pas, que \u00e7a soit sa Pr\u00e9sidente Madame Ang\u00e8le BASTIANI ainsi que toute son \u00e9quipe, le travail commun est tr\u00e8s sain, nous ne prenons aucune d\u00e9cision majeure sans en avertir notre r\u00e9f\u00e9rent, Monsieur Olivier LEONETTI, et cela se passe tr\u00e8s bien. Il en va de m\u00eame pour le Service des Sports de la Collectivit\u00e9 de Corse qui ne m&rsquo;a pas embauch\u00e9 non plus.<\/p>\n\n\n\n<p><strong>Le parcours est fig\u00e9 depuis la premi\u00e8re \u00e9dition, pensez-vous le changer de sens, sachant que la GT 20 peut se faire dans les deux sens&nbsp;?<\/strong><\/p>\n\n\n\n<p>Le principal probl\u00e8me reste les rotations maritimes qui nous obligent le sens Nord-Sud. D\u00e9couper ensuite le parcours en 5 \u00e9tapes fait que nous sommes dans l\u2019obligation de prendre en compte la caravane de 600 personnes environ avec un rayon d\u2019h\u00e9bergements maxi de 30km. Nous avons des candidatures de villes et villages, certains en p\u00e9riph\u00e9rie proche du parcours. Nous \u00e9tudions toutes ces possibilit\u00e9s y compris un passage de l\u2019\u00e9preuve \u00e0 6 jours en rajoutant pourquoi pas une journ\u00e9e en plus par une boucle dans l\u2019Alta Rocca mais \u00e9galement une arriv\u00e9e \u00e0 la station de ski \u00ab&nbsp;E CAPANELLE&nbsp;\u00bb \u00e0 Ghisoni.<\/p>\n\n\n\n<p><strong>Vous dites 6 jours ?<\/strong><\/p>\n\n\n\n<p>Beaucoup nous demandent de passer \u00e0 6 jours du lundi au samedi pour d\u00e9barquer une semaine compl\u00e8te en Corse. <strong>Selon eux<\/strong> ce serait plus simple. D\u00e9buter l\u2019\u00e9preuve un mercredi est compliqu\u00e9, finir un dimanche \u00e9galement, car retour chez eux le lundi. Dans la configuration 6 jours, ils d\u00e9barqueraient en Corse le Dimanche et retourneraient le Samedi soir sur le continent. Pour certains \u00e7a serait plus simple.<\/p>\n\n\n\n<p>Un questionnaire sera donn\u00e9 \u00e0 chaque participant 2026 et envoy\u00e9 aux participants des \u00e9ditions pr\u00e9c\u00e9dentes afin d\u2019y voir plus clair. On nous demande \u00e9galement d\u2019arriver \u00e0 Porto \u00e0 midi pour pouvoir visiter la R\u00e9serve de Scandola l\u2019apr\u00e8s-midi en bateau. Nous en tirerons les cons\u00e9quences avec l\u2019organisation.<\/p>\n\n\n\n<p><strong>L\u2019arriv\u00e9e \u00e0 CARBINI ?<\/strong><\/p>\n\n\n\n<p>L\u2019id\u00e9e est de Jean Michel GUERRINI, g\u00e9rant du restaurant \u00ab&nbsp;caf\u00e9 du Centre&nbsp;\u00bb. Nous avons rencontr\u00e9 les Elus locaux \u00e0 ce sujet et tout a \u00e9t\u00e9 mis en place afin que la r\u00e9ussite soit l\u00e0. Cela a \u00e9t\u00e9 le Montmartre (Champs Elys\u00e9es du Tour de France) avec un accueil professionnel, chaleureux et enthousiaste, un repas pour tous offert par Monsieur Pierre MARCELLESI, <strong>Pr\u00e9sident de la communaut\u00e9 de communes de l&rsquo;Alta Rocca<\/strong>, ainsi que tout son bureau, <strong>le Maire de CARBINI<\/strong> Monsieur Jean Jacques NICOLAI et toute son \u00e9quipe Municipale.<\/p>\n\n\n\n<p>Monsieur NICOLAI et son adjoint Monsieur Antoine CUCCHI ont d\u2019ailleurs suivi l\u2019\u00e9tape Ghisoni-Carbini dans le v\u00e9hicule de Monsieur Bernard HINAULT. C\u2019est s\u00fbr que CARBINI a sign\u00e9 un long bail avec la Corsica Cyclo GT 20.<\/p>\n\n\n\n<p><strong>Des am\u00e9liorations \u00e0 apporter \u00e0 l\u2019organisation&nbsp;?<\/strong><\/p>\n\n\n\n<p>R\u00e9guler un peu mieux le flux des participants en abandonnant le mode RANDO par moyenne horaire arbitraire, afin de r\u00e9duire l\u2019\u00e9cart t\u00eate de course-camion balai, et de r\u00e9duire en temps une intervention sanitaire sur chute. Les zones NATURA 2000 font \u00e9galement que nous avons des zones strictes de ravitaillements, ceux-ci se font d\u00e9sormais \u00e0 la fin de chaque chrono et sont copieux. Un repas pour tous en fin d\u2019\u00e9tape.<\/p>\n\n\n\n<p>Nous allons rajouter cette ann\u00e9e un camion atelier qui interviendra apr\u00e8s chaque \u00e9tape et un service massage de notre partenaire NOI \u00e0 chaque arriv\u00e9e.<\/p>\n\n\n\n<p>Bien s\u00fbr le camion douche sera cette ann\u00e9e pr\u00e9sent \u00e0 CARBINI.<\/p>\n\n\n\n<p><strong>Certains disent \u00e9galement que votre \u00e9quipe organisation est continentale&nbsp;?<\/strong><\/p>\n\n\n\n<p>Quand vous demandez \u00e0 certains de couvrir une intersection, ou faire une journ\u00e9e m\u00e9decin ou autre poste, soit ils refusent, soit ils disent peut-\u00eatre. A ce sujet, heureusement que la premi\u00e8re \u00e9dition n\u2019a pas pu se faire sinon nous aurions fait choux blancs. C\u2019est pourquoi notre \u00e9quipe s\u00e9curit\u00e9 est tout simplement le copi\u00e9 coll\u00e9 de celle du Tour du Haut Var professionnel dont le Directeur de Course est mon ancien co\u00e9quipier du SC Nice Monsieur Serge PASCAL, \u00e9galement Directeur de Course de la Corsica Cyclo GT 20. Tous sont labellis\u00e9s UCI FFC, et quand la Commission d\u2019attribution examine le dossier, c\u2019est s\u00fbr que \u00e7a fait la diff\u00e9rence. Pour exemple, les 12 Motards du Sport font chaque ann\u00e9e le Tour de France Hommes\/Femmes en compl\u00e9ment de la Garde Motoris\u00e9e R\u00e9publicaine, les 12 sont labellis\u00e9s UCI et arbitres \u00e0 la fois. Ce sont des professionnels forts d&rsquo;une exp\u00e9rience d&rsquo;\u00e9preuves depuis des ann\u00e9es.<\/p>\n\n\n\n<p>La partie restante est bien s\u00fbr g\u00e9r\u00e9e par les insulaires. Au total cela fait 80 personnes en couverture de l\u2019\u00e9v\u00e8nement. Le speaker, Monsieur Jean Claude COMBY est \u00e9galement un des speakers officiels du Tour de France.<\/p>\n\n\n\n<p><strong>L\u2019organisation repose sur combien de personnes&nbsp;?<\/strong><\/p>\n\n\n\n<p>Afin de tout ma\u00eetriser et de ne pas se diversifier, le noyau dur de l\u2019organisation (montage de dossiers, pr\u00e9paration logistique) repose sur 6 personnes&nbsp;: Moi-m\u00eame, Monsieur St\u00e9phane VIOLLAT mon adjoint, mon \u00e9pouse Ang\u00e8le ANGELOTTI et mes deux fils Lucas et St\u00e9phane ANGELOTTI. Pour l\u2019organisation de la s\u00e9curit\u00e9 en course, Monsieur Serge PASCAL s\u2019en occupe seul afin qu&rsquo;il n&rsquo;y ait pas d&rsquo;interf\u00e9rence, apr\u00e8s nous d\u00e9l\u00e9guons des \u00e9quipes sur chaque secteur, toujours les m\u00eames depuis 4 ans, cela fait que nous sommes rod\u00e9s. D\u00e8s le 30 janvier, toutes les \u00e9quipes sont bloqu\u00e9es et le dossier ficel\u00e9, aussi bien en Pr\u00e9fecture que dans les villes \u00e9tapes.<\/p>\n\n\n\n<p><strong>Si vous devez donner un conseil \u00e0 un participant&nbsp;?<\/strong><\/p>\n\n\n\n<p>Prendre les billets de bateau avant le 31 D\u00e9cembre 2025, le tarif sera plus int\u00e9ressant que le tarif promotionnel que nous aurons par la suite. Pour optimiser les co\u00fbts, l\u2019id\u00e9al est d\u2019\u00eatre 4, de s\u2019inscrire sur Sportn\u2019connect \u00e0 partir du 8 Octobre en choisissant les options correspondantes, de faire de m\u00eame avec les h\u00f4tels partenaires et au besoin nous contacter pour des renseignements compl\u00e9mentaires.<\/p>\n\n\n\n<p><strong>Que comprend les 180\u20ac d\u2019inscription&nbsp;?<\/strong><\/p>\n\n\n\n<p>Un panier d\u2019accueil, un maillot Collector SANTINI, des ravitos copieux, un repas \u00e0 chaque fin des 5 \u00e9tapes et la prise en charge offerte si vous arrivez la veille en avion \u00e0 Bastia jusqu\u2019\u00e0 votre h\u00f4tel et le matin du ferry jusqu\u2019au d\u00e9part de l\u2019\u00e9preuve, plus toute l\u2019intendance s\u00e9curit\u00e9 durant l\u2019\u00e9preuve.<\/p>\n\n\n\n<p><strong>Le mot de la fin ?<\/strong><\/p>\n\n\n\n<p>Je remercie tous ceux qui de pr\u00e8s ou de loin ont contribu\u00e9 \u00e0 la r\u00e9ussite de cette \u00e9preuve tant sur le plan sportif que sur le plan organisationnel (Collectivit\u00e9 de Corse avec son Service des Sports, ATC, Mairies, Offices de Tourisme, Communaut\u00e9 de Communes, Sponsors, B\u00e9n\u00e9voles, etc).<\/p>\n\n\n\n<p><\/p>\n\n\n\n<p>Interview r\u00e9alis\u00e9e par Fran\u00e7ois ALBERTINI, journaliste sportif<\/p>\n","protected":false},"excerpt":{"rendered":"<p>Que vous inspire l\u2019\u00e9volution de la Corsica Cyclo GT 20&nbsp;? Tout le monde en parle, c\u2019est inesp\u00e9r\u00e9&nbsp;? Ce n\u2019est pas inesp\u00e9r\u00e9 car le travail en commun avec l\u2019ATC (Agence du Tourisme de la Corse), le Service des Sports de la Collectivit\u00e9 de Corse et l\u2019organisation se fait en totale confiance et d\u2019ann\u00e9e en ann\u00e9e nous&hellip;<\/p>\n","protected":false},"author":1,"featured_media":0,"parent":0,"menu_order":0,"comment_status":"closed","ping_status":"closed","template":"","meta":[],"_links":{"self":[{"href":"http:\/\/corsicacyclostage.fr\/index.php\/wp-json\/wp\/v2\/pages\/2329"}],"collection":[{"href":"http:\/\/corsicacyclostage.fr\/index.php\/wp-json\/wp\/v2\/pages"}],"about":[{"href":"http:\/\/corsicacyclostage.fr\/index.php\/wp-json\/wp\/v2\/types\/page"}],"author":[{"embeddable":true,"href":"http:\/\/corsicacyclostage.fr\/index.php\/wp-json\/wp\/v2\/users\/1"}],"replies":[{"embeddable":true,"href":"http:\/\/corsicacyclostage.fr\/index.php\/wp-json\/wp\/v2\/comments?post=2329"}],"version-history":[{"count":4,"href":"http:\/\/corsicacyclostage.fr\/index.php\/wp-json\/wp\/v2\/pages\/2329\/revisions"}],"predecessor-version":[{"id":2341,"href":"http:\/\/corsicacyclostage.fr\/index.php\/wp-json\/wp\/v2\/pages\/2329\/revisions\/2341"}],"wp:attachment":[{"href":"http:\/\/corsicacyclostage.fr\/index.php\/wp-json\/wp\/v2\/media?parent=2329"}],"curies":[{"name":"wp","href":"https:\/\/api.w.org\/{rel}","templated":true}]}}