{"id":291,"date":"2021-01-26T10:57:40","date_gmt":"2021-01-26T09:57:40","guid":{"rendered":"http:\/\/corsicacyclostage.fr\/?page_id=291"},"modified":"2026-02-20T15:44:28","modified_gmt":"2026-02-20T14:44:28","slug":"corsica-cyclo-stage","status":"publish","type":"page","link":"http:\/\/corsicacyclostage.fr\/index.php\/corsica-cyclo-stage\/","title":{"rendered":"Corsica Cyclo GT 20 2026"},"content":{"rendered":"\n<div class=\"wp-block-buttons is-layout-flex\"><\/div>\n\n\n\n<p>Mesdames, Messieurs,<\/p>\n\n\n\n<p>La 5<sup>\u00e8me<\/sup>&nbsp;\u00e9dition de la Corsica Cyclo GT 20 \u00ab&nbsp;A Traversata Maio&nbsp;\u00bb aura lieu du 6 au 10 Mai prochain.<\/p>\n\n\n\n<p>Les moyens mis en \u0153uvre pour la promotion sur cette classique cyclosportive \u00e0 \u00e9tapes ont \u00e9t\u00e9 tr\u00e8s forts et positifs. Le but \u00e9tant d\u2019emmener dans un futur proche le GT 20 au niveau de fr\u00e9quentation du GR 20.<\/p>\n\n\n\n<p>Nous pouvons affirmer que nous sommes en ce sens dans une phase tr\u00e8s positive. En effet, la fr\u00e9quentation de ce magnifique parcours \u00e0 travers la Corse est plus que remarquable.<\/p>\n\n\n\n<p>La m\u00e9diatisation de cette \u00e9preuve y a contribu\u00e9.<\/p>\n\n\n\n<p>Les parutions de pr\u00e9sentation dans les magazines sp\u00e9cialis\u00e9s comme le Cycle, Cyclocoach, Cyclosport, V\u00e9lomag, Cicloturismo (Italie), ainsi que tous les moyens multim\u00e9dias (Youtube :&nbsp;<a href=\"https:\/\/www.youtube.com\/watch?v=S1ZkRB26JfA\" target=\"_blank\" rel=\"noreferrer noopener\">vid\u00e9o de l\u2019\u00e9preuve 2025<\/a>), et \u00e9galement notre pr\u00e9sence, gr\u00e2ce \u00e0 l\u2019Agence du Tourisme de la Corse, sur les plus grands salons europ\u00e9ens mais aussi au Village d\u00e9part du Tour de France, au Roc d\u2019Azur, des clips vid\u00e9o GT 20 lors des retransmissions t\u00e9l\u00e9vis\u00e9es du Tour de France, Tour de Suisse et Giro d\u2019Italia, ont permis de faire conna\u00eetre la Corsica Cyclo GT 20 au niveau international.<\/p>\n\n\n\n<p>L\u2019\u00e9quipe organisatrice a d\u00e9pos\u00e9 une candidature avec l\u2019aval de la FFC aupr\u00e8s de l\u2019UCI (Union Cycliste Internationale) pour faire partie tr\u00e8s prochainement des GRANFONDO WORLD SERIES (30 \u00e9preuves sur les 5 Continents) dont la Corse.<\/p>\n\n\n\n<p>Je remercie au nom de l\u2019organisation la Collectivit\u00e9 de Corse (cr\u00e9atrice du GT 20 en 2019), son Pr\u00e9sident du Conseil Ex\u00e9cutif Monsieur Gilles SIMEONI, ainsi que ses collaborateurs(trices), le Service des Sports de la Collectivit\u00e9 de Corse avec sa Pr\u00e9sidente Madame Anne Laure SANTUCCI, ainsi que ses collaborateurs(trices), l\u2019Agence du Tourisme de la Corse avec sa Pr\u00e9sidente Madame Ang\u00e8le BASTIANI, ainsi que ses collaborateurs(trices), les repr\u00e9sentants des villes et villages travers\u00e9s, leurs offices de tourisme, les diff\u00e9rents sponsors, l\u2019organigramme de l\u2019organisation ainsi que tous les b\u00e9n\u00e9voles, les h\u00e9bergeurs, sans oublier les participants, les clubs, notre ambassadeur 2026 Monsieur Claudio CHIAPPUCCI (Champion cycliste italien des ann\u00e9es 1980, multiple vainqueur d\u2019\u00e9tapes sur les 3 grands tours&nbsp;: Tour de France, Giro d\u2019Italia et Vuelta d\u2019Espagne) et tous ceux qui de pr\u00e8s ou de loin participent au succ\u00e8s de cette \u00e9preuve.<\/p>\n\n\n\n<p>Je terminerai en confirmant que la Corsica Cyclo GT 20 a \u00e9t\u00e9 l\u2019\u00e9preuve la plus m\u00e9diatis\u00e9e dans les revues sp\u00e9cialis\u00e9es en 2025.<\/p>\n\n\n\n<p>En esp\u00e9rant une 5<sup>\u00e8me<\/sup>&nbsp;\u00e9dition aboutie, je vous prie au nom de l\u2019\u00e9quipe organisatrice de consulter notre site afin de vous \u00e9clairer sur toutes les questions concernant cette magnifique \u00e9preuve et au besoin nous contacter<\/p>\n\n\n\n<p><strong>Jean Marc ANGELOTTI<\/strong><\/p>\n\n\n\n<p><strong>Pr\u00e9sident de l\u2019organisation<\/strong><\/p>\n","protected":false},"excerpt":{"rendered":"<p>Mesdames, Messieurs, La 5\u00e8me&nbsp;\u00e9dition de la Corsica Cyclo GT 20 \u00ab&nbsp;A Traversata Maio&nbsp;\u00bb aura lieu du 6 au 10 Mai prochain. Les moyens mis en \u0153uvre pour la promotion sur cette classique cyclosportive \u00e0 \u00e9tapes ont \u00e9t\u00e9 tr\u00e8s forts et positifs. Le but \u00e9tant d\u2019emmener dans un futur proche le GT 20 au niveau de&hellip;<\/p>\n","protected":false},"author":1,"featured_media":0,"parent":0,"menu_order":0,"comment_status":"closed","ping_status":"closed","template":"","meta":[],"_links":{"self":[{"href":"http:\/\/corsicacyclostage.fr\/index.php\/wp-json\/wp\/v2\/pages\/291"}],"collection":[{"href":"http:\/\/corsicacyclostage.fr\/index.php\/wp-json\/wp\/v2\/pages"}],"about":[{"href":"http:\/\/corsicacyclostage.fr\/index.php\/wp-json\/wp\/v2\/types\/page"}],"author":[{"embeddable":true,"href":"http:\/\/corsicacyclostage.fr\/index.php\/wp-json\/wp\/v2\/users\/1"}],"replies":[{"embeddable":true,"href":"http:\/\/corsicacyclostage.fr\/index.php\/wp-json\/wp\/v2\/comments?post=291"}],"version-history":[{"count":38,"href":"http:\/\/corsicacyclostage.fr\/index.php\/wp-json\/wp\/v2\/pages\/291\/revisions"}],"predecessor-version":[{"id":2472,"href":"http:\/\/corsicacyclostage.fr\/index.php\/wp-json\/wp\/v2\/pages\/291\/revisions\/2472"}],"wp:attachment":[{"href":"http:\/\/corsicacyclostage.fr\/index.php\/wp-json\/wp\/v2\/media?parent=291"}],"curies":[{"name":"wp","href":"https:\/\/api.w.org\/{rel}","templated":true}]}}