{"id":372,"date":"2021-01-26T12:51:38","date_gmt":"2021-01-26T11:51:38","guid":{"rendered":"http:\/\/corsicacyclostage.fr\/?page_id=372"},"modified":"2025-07-21T19:03:36","modified_gmt":"2025-07-21T17:03:36","slug":"inscription-course","status":"publish","type":"page","link":"http:\/\/corsicacyclostage.fr\/index.php\/inscription-course\/","title":{"rendered":"Inscription course"},"content":{"rendered":"\n<div class=\"wp-block-buttons is-layout-flex\"><\/div>\n\n\n\n<div class=\"wp-block-buttons is-layout-flex\">\n<div class=\"wp-block-button is-style-outline\"><a class=\"wp-block-button__link has-electric-grass-gradient-background has-background wp-element-button\" href=\"http:\/\/corsicacyclostage.fr\/wp-content\/uploads\/2025\/07\/bulletin-dengagement-equipe-2026-v2.pdf\" target=\"_blank\" rel=\"noreferrer noopener\">Bulletin d&rsquo;adh\u00e9sion \u00e9quipe \u00e0 retourner par mail<\/a><\/div>\n<\/div>\n\n\n\n<div class=\"wp-block-buttons is-layout-flex\">\n<div class=\"wp-block-button is-style-outline\"><a class=\"wp-block-button__link has-white-color has-black-background-color has-text-color has-background wp-element-button\">Inscription officielle \u00e9preuve sur le site Sportsn&rsquo;Connect \u00e0 partir du 08 Octobre 2025<\/a><\/div>\n<\/div>\n","protected":false},"excerpt":{"rendered":"","protected":false},"author":1,"featured_media":0,"parent":0,"menu_order":0,"comment_status":"closed","ping_status":"closed","template":"","meta":[],"_links":{"self":[{"href":"http:\/\/corsicacyclostage.fr\/index.php\/wp-json\/wp\/v2\/pages\/372"}],"collection":[{"href":"http:\/\/corsicacyclostage.fr\/index.php\/wp-json\/wp\/v2\/pages"}],"about":[{"href":"http:\/\/corsicacyclostage.fr\/index.php\/wp-json\/wp\/v2\/types\/page"}],"author":[{"embeddable":true,"href":"http:\/\/corsicacyclostage.fr\/index.php\/wp-json\/wp\/v2\/users\/1"}],"replies":[{"embeddable":true,"href":"http:\/\/corsicacyclostage.fr\/index.php\/wp-json\/wp\/v2\/comments?post=372"}],"version-history":[{"count":25,"href":"http:\/\/corsicacyclostage.fr\/index.php\/wp-json\/wp\/v2\/pages\/372\/revisions"}],"predecessor-version":[{"id":2298,"href":"http:\/\/corsicacyclostage.fr\/index.php\/wp-json\/wp\/v2\/pages\/372\/revisions\/2298"}],"wp:attachment":[{"href":"http:\/\/corsicacyclostage.fr\/index.php\/wp-json\/wp\/v2\/media?parent=372"}],"curies":[{"name":"wp","href":"https:\/\/api.w.org\/{rel}","templated":true}]}}