{"id":448,"date":"2021-01-26T15:40:05","date_gmt":"2021-01-26T14:40:05","guid":{"rendered":"http:\/\/corsicacyclostage.fr\/?page_id=448"},"modified":"2025-07-21T10:29:00","modified_gmt":"2025-07-21T08:29:00","slug":"hebergements-partenaires","status":"publish","type":"page","link":"http:\/\/corsicacyclostage.fr\/index.php\/hebergements-partenaires\/","title":{"rendered":"Bastia \/ Erbalunga"},"content":{"rendered":"\n<p class=\"has-vivid-red-color has-text-color\"><strong>Tous ces h\u00f4tels sont partenaires bagages, si certains ne proposent pas la demi-pension, des restaurants sont \u00e0 proximit\u00e9 (Sur Bastia restaurant partenaire : PUB Concorde) <a rel=\"noreferrer noopener\" href=\"https:\/\/www.bastia-tourisme.com\/artdevivre\/pub-concorde\/\" data-type=\"URL\" data-id=\"https:\/\/www.bastia-tourisme.com\/artdevivre\/pub-concorde\/\" target=\"_blank\">Site<\/a><\/strong><\/p>\n\n\n\n<ul>\n<li class=\"has-medium-font-size\"><strong><mark style=\"background-color:#fcb900\" class=\"has-inline-color\">SUD H\u00f4tel<\/mark><\/strong><\/li>\n<\/ul>\n\n\n\n<p>(11 km du d\u00e9part)<\/p>\n\n\n\n<p>Demi-pension<\/p>\n\n\n\n<p>Adresse : 490 Avenue de la Lib\u00e9ration 20600 BASTIA<\/p>\n\n\n\n<p>T\u00e9l\u00e9phone : 04 95 30 20 61<\/p>\n\n\n\n<p>Mail : <a href=\"mailto:contact@sudhotel-bastia.com\">contact@sudhotel-bastia.com<\/a><\/p>\n\n\n\n<div class=\"wp-block-buttons is-layout-flex\">\n<div class=\"wp-block-button is-style-outline\"><a class=\"wp-block-button__link has-luminous-vivid-amber-to-luminous-vivid-orange-gradient-background has-background wp-element-button\" href=\"https:\/\/www.sudhotel-bastia.com\/?gad_source=1&amp;gclid=EAIaIQobChMI1cmfgMnZiQMVPWdBAh3wpgaCEAAYASAAEgL8lfD_BwE\" target=\"_blank\" rel=\"noreferrer noopener\">Site internet<\/a><\/div>\n<\/div>\n\n\n\n<hr class=\"wp-block-separator has-alpha-channel-opacity\"\/>\n\n\n\n<ul>\n<li class=\"has-medium-font-size\"><strong><mark style=\"background-color:#fcb900\" class=\"has-inline-color\">H\u00f4tel CASA MEA<\/mark><\/strong><\/li>\n<\/ul>\n\n\n\n<p>(2.5 km du d\u00e9part)<\/p>\n\n\n\n<p>Adresse : 9, chemin du Fiumicellu 20200 San Martino di Lota<\/p>\n\n\n\n<p>T\u00e9l\u00e9phone : 04 95 35 35 04<\/p>\n\n\n\n<p>Mail : <a href=\"mailto:reception@hotelcasamea.com\">reception@hotelcasamea.com<\/a><\/p>\n\n\n\n<div class=\"wp-block-buttons is-layout-flex\">\n<div class=\"wp-block-button is-style-outline\"><a class=\"wp-block-button__link has-pale-ocean-gradient-background has-background wp-element-button\" href=\"https:\/\/www.hotel-casa-mea.com\/\" target=\"_blank\" rel=\"noreferrer noopener\">Site internet<\/a><\/div>\n<\/div>\n\n\n\n<hr class=\"wp-block-separator has-alpha-channel-opacity\"\/>\n\n\n\n<ul>\n<li class=\"has-medium-font-size\"><strong><mark style=\"background-color:#fcb900\" class=\"has-inline-color\">Cors&rsquo;h\u00f4tel<\/mark><\/strong><\/li>\n<\/ul>\n\n\n\n<p>(15 km du d\u00e9part)<\/p>\n\n\n\n<p>Adresse : T11, Rond point de BIGUGLIA, derri\u00e8re Station ESSO, 20620 BIGUGLIA<\/p>\n\n\n\n<p>T\u00e9l\u00e9phone : 04 95 30 02 00<\/p>\n\n\n\n<p>Mail : <a href=\"mailto:contact@cors-hotel.com\">contact@cors-hotel.com<\/a><\/p>\n\n\n\n<div class=\"wp-block-buttons is-layout-flex\">\n<div class=\"wp-block-button is-style-outline\"><a class=\"wp-block-button__link has-black-color has-very-light-gray-to-cyan-bluish-gray-gradient-background has-text-color has-background wp-element-button\" href=\"https:\/\/www.cors-hotel.com\/\" target=\"_blank\" rel=\"noreferrer noopener\">Site internet<\/a><\/div>\n<\/div>\n\n\n\n<hr class=\"wp-block-separator has-alpha-channel-opacity\"\/>\n\n\n\n<ul>\n<li class=\"has-medium-font-size\"><mark style=\"background-color:#fcb900\" class=\"has-inline-color\"><strong>H\u00f4tel<\/strong> <\/mark><strong><mark style=\"background-color:#fcb900\" class=\"has-inline-color\">PIETRACAP<\/mark><\/strong><\/li>\n<\/ul>\n\n\n\n<p>(3 km du d\u00e9part)<\/p>\n\n\n\n<p>Demi-pension<\/p>\n\n\n\n<p>Adresse : 20 Rte de San Martino, 20200 Bastia<\/p>\n\n\n\n<p>T\u00e9l\u00e9phone : 04 95 31 64 63<\/p>\n\n\n\n<p>Mail : <a href=\"mailto:info@hotel-pietracap.com\">info@hotel-pietracap.com<\/a><\/p>\n\n\n\n<div class=\"wp-block-buttons is-layout-flex\">\n<div class=\"wp-block-button is-style-outline\"><a class=\"wp-block-button__link has-luminous-vivid-amber-to-luminous-vivid-orange-gradient-background has-background wp-element-button\" href=\"https:\/\/www.pietracap.com\/fr\" target=\"_blank\" rel=\"noreferrer noopener\">Site internet<\/a><\/div>\n<\/div>\n\n\n\n<hr class=\"wp-block-separator has-alpha-channel-opacity\"\/>\n\n\n\n<ul>\n<li class=\"has-medium-font-size\"><strong><mark style=\"background-color:#fcb900\" class=\"has-inline-color\">H\u00f4tel <\/mark><mark style=\"background-color:#fcb900\" class=\"has-inline-color has-black-color\">ARIANA<\/mark><\/strong><\/li>\n<\/ul>\n\n\n\n<p>(2 km du d\u00e9part)<\/p>\n\n\n\n<p>Adresse : 42 Route du bord de Mer &#8211; MIOMO &#8211; 20200 SANTA MARIA DI LOTA<\/p>\n\n\n\n<p>T\u00e9l\u00e9phone : 04 95 58 50 20<\/p>\n\n\n\n<p>Mail : hotelariana.miomo@gmail.com<\/p>\n\n\n\n<p>Mail : <a href=\"hotelariana.miomo@gmail.com\" data-type=\"URL\" data-id=\"hotelariana.miomo@gmail.com\">hotelariana.miomo@gmail.com<\/a><\/p>\n\n\n\n<div class=\"wp-block-buttons is-layout-flex\">\n<div class=\"wp-block-button is-style-outline\"><a class=\"wp-block-button__link has-pale-ocean-gradient-background has-background wp-element-button\" href=\"https:\/\/www.hotel-ariana.fr\/\" target=\"_blank\" rel=\"noreferrer noopener\">Site internet<\/a><\/div>\n<\/div>\n\n\n\n<hr class=\"wp-block-separator has-alpha-channel-opacity\"\/>\n\n\n\n<ul>\n<li class=\"has-medium-font-size\"><strong><mark style=\"background-color:#fcb900\" class=\"has-inline-color has-black-color\">H\u00f4tel CYRNEA BASTIA PIETRANERA<\/mark><\/strong><\/li>\n<\/ul>\n\n\n\n<p>(3 km du d\u00e9part)<\/p>\n\n\n\n<p>Adresse : 18 Route du Cap<strong> <\/strong>Corse 20200 PIETRANERA<\/p>\n\n\n\n<p>T\u00e9l\u00e9phone : 04 95 31 41 71<\/p>\n\n\n\n<p>Mail : <a href=\"hotelcyrnea@wanadoo.fr\" data-type=\"URL\" data-id=\"hotelcyrnea@wanadoo.fr\">hotelcyrnea@wanadoo.fr<\/a><\/p>\n\n\n\n<div class=\"wp-block-buttons is-layout-flex\">\n<div class=\"wp-block-button is-style-outline\"><a class=\"wp-block-button__link has-pale-ocean-gradient-background has-background wp-element-button\" href=\"https:\/\/www.hotelcyrnea.fr\/\" target=\"_blank\" rel=\"noreferrer noopener\">Site internet<\/a><\/div>\n<\/div>\n","protected":false},"excerpt":{"rendered":"<p>Tous ces h\u00f4tels sont partenaires bagages, si certains ne proposent pas la demi-pension, des restaurants sont \u00e0 proximit\u00e9 (Sur Bastia restaurant partenaire : PUB Concorde) Site (11 km du d\u00e9part) Demi-pension Adresse : 490 Avenue de la Lib\u00e9ration 20600 BASTIA T\u00e9l\u00e9phone : 04 95 30 20 61 Mail : contact@sudhotel-bastia.com (2.5 km du d\u00e9part) Adresse&hellip;<\/p>\n","protected":false},"author":1,"featured_media":0,"parent":0,"menu_order":0,"comment_status":"closed","ping_status":"closed","template":"","meta":[],"_links":{"self":[{"href":"http:\/\/corsicacyclostage.fr\/index.php\/wp-json\/wp\/v2\/pages\/448"}],"collection":[{"href":"http:\/\/corsicacyclostage.fr\/index.php\/wp-json\/wp\/v2\/pages"}],"about":[{"href":"http:\/\/corsicacyclostage.fr\/index.php\/wp-json\/wp\/v2\/types\/page"}],"author":[{"embeddable":true,"href":"http:\/\/corsicacyclostage.fr\/index.php\/wp-json\/wp\/v2\/users\/1"}],"replies":[{"embeddable":true,"href":"http:\/\/corsicacyclostage.fr\/index.php\/wp-json\/wp\/v2\/comments?post=448"}],"version-history":[{"count":59,"href":"http:\/\/corsicacyclostage.fr\/index.php\/wp-json\/wp\/v2\/pages\/448\/revisions"}],"predecessor-version":[{"id":2216,"href":"http:\/\/corsicacyclostage.fr\/index.php\/wp-json\/wp\/v2\/pages\/448\/revisions\/2216"}],"wp:attachment":[{"href":"http:\/\/corsicacyclostage.fr\/index.php\/wp-json\/wp\/v2\/media?parent=448"}],"curies":[{"name":"wp","href":"https:\/\/api.w.org\/{rel}","templated":true}]}}