{"id":626,"date":"2021-02-06T20:03:25","date_gmt":"2021-02-06T19:03:25","guid":{"rendered":"http:\/\/corsicacyclostage.fr\/?page_id=626"},"modified":"2025-10-29T09:36:44","modified_gmt":"2025-10-29T08:36:44","slug":"porto","status":"publish","type":"page","link":"http:\/\/corsicacyclostage.fr\/index.php\/porto\/","title":{"rendered":"Porto"},"content":{"rendered":"\n<p class=\"has-vivid-red-color has-text-color\"><strong>Tous ces h\u00f4tels sont partenaires bagages, si certains ne proposent pas la demi-pension, des restaurants sont \u00e0 proximit\u00e9<\/strong><\/p>\n\n\n\n<ul>\n<li class=\"has-medium-font-size\"><strong><mark style=\"background-color:#fcb900\" class=\"has-inline-color\">Camping les Oliviers<\/mark><\/strong><\/li>\n<\/ul>\n\n\n\n<p>Nous proposons des chalets de 2 chambres au tarif de 90 euros pour 2 personnes\/ 98 euros pour 3 personnes et 120 euros la nuit pour 4 .<\/p>\n\n\n\n<p>Ce tarif inclus les draps et les serviettes.<\/p>\n\n\n\n<p>Taxe de s\u00e9jour \u00e0 ajouter de 0.66 euros en plus par personne<\/p>\n\n\n\n<p>Nous avons un restaurant dans le camping qui proposera la \u00bd pension .<\/p>\n\n\n\n<p>Comptez 35 euros par personne<\/p>\n\n\n\n<p>Adresse : Pont de Porto 20150 Ota<\/p>\n\n\n\n<p>T\u00e9l\u00e9phone : 04&nbsp;95&nbsp;26 14 49<\/p>\n\n\n\n<p>Mail : <a rel=\"noreferrer noopener\" href=\"mailto:lesoliviersporto@wanadoo.fr\" target=\"_blank\">lesoliviersporto@wanadoo.fr<\/a><\/p>\n\n\n\n<div class=\"wp-block-buttons is-layout-flex\">\n<div class=\"wp-block-button is-style-outline\"><a class=\"wp-block-button__link has-black-color has-luminous-vivid-amber-to-luminous-vivid-orange-gradient-background has-text-color has-background wp-element-button\" href=\"https:\/\/www.camping-oliviers-porto.com\/\" target=\"_blank\" rel=\"noreferrer noopener\">Site internet<\/a><\/div>\n<\/div>\n\n\n\n<hr class=\"wp-block-separator has-alpha-channel-opacity\"\/>\n\n\n\n<ul>\n<li class=\"has-medium-font-size\"><strong><mark style=\"background-color:#fcb900\" class=\"has-inline-color\">H\u00f4tel Restaurant Stella Marina<\/mark><\/strong><\/li>\n<\/ul>\n\n\n\n<p class=\"has-black-color has-text-color\">Adresse : Plage de Bussaglia 20147 Serriera, Ouest Corse-Golfe de Porto. 8 km de Porto<\/p>\n\n\n\n<p>T\u00e9l\u00e9phone : 04 95 26 11 18<\/p>\n\n\n\n<p>Mail : <a href=\"mailto:hotelrestaurantstellamarina@gmail.com\" target=\"_blank\" rel=\"noreferrer noopener\">hotelrestaurantstellamarina@gmail.com<\/a><\/p>\n\n\n\n<div class=\"wp-block-buttons is-layout-flex\">\n<div class=\"wp-block-button is-style-outline\"><a class=\"wp-block-button__link has-pale-ocean-gradient-background has-background wp-element-button\" href=\"https:\/\/www.hotel-stella-marina.com\/\" target=\"_blank\" rel=\"noreferrer noopener\">Site internet<\/a><\/div>\n<\/div>\n\n\n\n<hr class=\"wp-block-separator has-alpha-channel-opacity\"\/>\n\n\n\n<ul>\n<li class=\"has-medium-font-size\"><strong><mark style=\"background-color:#fcb900\" class=\"has-inline-color\">Camping Funtana a l&rsquo;Ora<\/mark><\/strong><\/li>\n<\/ul>\n\n\n\n<p>Adresse : Il Campo, Route d&rsquo;Evisa, 20150 Porto &#8211; Ota<\/p>\n\n\n\n<p>T\u00e9l\u00e9phone : 06 18 81 17 13<\/p>\n\n\n\n<p>Mail : <a href=\"mailto:funtana.contact@gmail.com\">funtana.contact@gmail.com<\/a><\/p>\n\n\n\n<div class=\"wp-block-buttons is-layout-flex\">\n<div class=\"wp-block-button is-style-outline\"><a class=\"wp-block-button__link has-blush-light-purple-gradient-background has-background wp-element-button\" href=\"https:\/\/funtanaalora.fr\/\" target=\"_blank\" rel=\"noreferrer noopener\">Site internet<\/a><\/div>\n<\/div>\n\n\n\n<hr class=\"wp-block-separator has-alpha-channel-opacity\"\/>\n\n\n\n<ul>\n<li class=\"has-medium-font-size\"><strong><mark style=\"background-color:#fcb900\" class=\"has-inline-color\">H\u00f4tel Costa Rossa<\/mark><\/strong><\/li>\n<\/ul>\n\n\n\n<p>Adresse : La Marine 20150 Porto-Ota<\/p>\n\n\n\n<p>T\u00e9l\u00e9phone : 04&nbsp;95&nbsp;73 71 17<\/p>\n\n\n\n<p>Mail : <a href=\"mailto:costarossa@orange.fr\" target=\"_blank\" rel=\"noreferrer noopener\">costarossa@orange.fr<\/a><\/p>\n\n\n\n<div class=\"wp-block-buttons is-layout-flex\">\n<div class=\"wp-block-button is-style-outline\"><a class=\"wp-block-button__link has-blush-light-purple-gradient-background has-background wp-element-button\" href=\"https:\/\/www.hotel-costarossa-porto-corse.com\/\" target=\"_blank\" rel=\"noreferrer noopener\">Site internet<\/a><\/div>\n<\/div>\n\n\n\n<hr class=\"wp-block-separator has-css-opacity\"\/>\n\n\n\n<ul>\n<li class=\"has-medium-font-size\"><strong><mark style=\"background-color:#fcb900\" class=\"has-inline-color\">H\u00f4tel Cala di Sole<\/mark><\/strong><\/li>\n<\/ul>\n\n\n\n<p>Adresse : Porto, 20150 Ota Porto<\/p>\n\n\n\n<p>T\u00e9l\u00e9phone : 04 95 26 12 44<\/p>\n\n\n\n<p>Mail : <a href=\"mailto:caladisole@live.fr\" target=\"_blank\" rel=\"noreferrer noopener\">caladisole@live.fr<\/a><\/p>\n\n\n\n<div class=\"wp-block-buttons is-layout-flex\">\n<div class=\"wp-block-button is-style-outline\"><a class=\"wp-block-button__link has-electric-grass-gradient-background has-background wp-element-button\" href=\"https:\/\/www.hotel-caladisole.com\/\" target=\"_blank\" rel=\"noreferrer noopener\">Site internet<\/a><\/div>\n<\/div>\n\n\n\n<hr class=\"wp-block-separator has-alpha-channel-opacity\"\/>\n\n\n\n<ul>\n<li class=\"has-medium-font-size\"><strong><mark style=\"background-color:#fcb900\" class=\"has-inline-color\">H\u00f4tel Id\u00e9al Subrini<\/mark><\/strong><\/li>\n<\/ul>\n\n\n\n<p>Adresse : La Marine de Porto 20150 Ota Porto<\/p>\n\n\n\n<p>T\u00e9l\u00e9phone : 04 95 26 10 07<\/p>\n\n\n\n<p>Mail : <a href=\"mailto:ideal@hotels-porto.com\" target=\"_blank\" rel=\"noreferrer noopener\">ideal@hotels-porto.com<\/a><\/p>\n\n\n\n<div class=\"wp-block-buttons is-layout-flex\">\n<div class=\"wp-block-button is-style-outline\"><a class=\"wp-block-button__link has-luminous-vivid-orange-to-vivid-red-gradient-background has-background wp-element-button\" href=\"https:\/\/www.hotel-idealsubrini-corse.com\/\" target=\"_blank\" rel=\"noreferrer noopener\">Site internet<\/a><\/div>\n<\/div>\n\n\n\n<hr class=\"wp-block-separator has-alpha-channel-opacity\"\/>\n\n\n\n<ul>\n<li class=\"has-medium-font-size\"><strong><mark style=\"background-color:#fcb900\" class=\"has-inline-color\">H\u00f4tel BELLA VISTA<\/mark><\/strong><\/li>\n<\/ul>\n\n\n\n<p>Adresse : Route de Calvi &#8211; 20150 PORTO<\/p>\n\n\n\n<p>T\u00e9l\u00e9phone : 04 95 26 11<strong> <\/strong>08<\/p>\n\n\n\n<p>Mail : <a href=\"mailto:bellavistacorse@wanadoo.fr\">bellavistacorse@wanadoo.fr<\/a><\/p>\n\n\n\n<div class=\"wp-block-buttons is-layout-flex\">\n<div class=\"wp-block-button is-style-outline\"><a class=\"wp-block-button__link has-pale-ocean-gradient-background has-background wp-element-button\" href=\"https:\/\/www.hotel-corse.com\/\" target=\"_blank\" rel=\"noreferrer noopener\">Site internet<\/a><\/div>\n<\/div>\n\n\n\n<hr class=\"wp-block-separator has-alpha-channel-opacity\"\/>\n\n\n\n<ul>\n<li class=\"has-medium-font-size\"><strong><mark style=\"background-color:#fcb900\" class=\"has-inline-color\">H\u00f4tel Capo d&rsquo;Orto<\/mark><\/strong><\/li>\n<\/ul>\n\n\n\n<p>Adresse : Route de Calvi Lieu-dit Porto 20150 OTA<\/p>\n\n\n\n<p>T\u00e9l\u00e9phone : 04 95 26 11 14<\/p>\n\n\n\n<p>Mail : <a href=\"info@hotel-capo-dorto.com\" data-type=\"URL\" data-id=\"info@hotel-capo-dorto.com\">info@hotel-capo-dorto.com<\/a><\/p>\n\n\n\n<div class=\"wp-block-buttons is-layout-flex\">\n<div class=\"wp-block-button is-style-outline\"><a class=\"wp-block-button__link has-very-light-gray-to-cyan-bluish-gray-gradient-background has-background wp-element-button\" href=\"https:\/\/www.hotel-capo-dorto.com\/\" target=\"_blank\" rel=\"noreferrer noopener\">Site internet<\/a><\/div>\n<\/div>\n\n\n\n<hr class=\"wp-block-separator has-alpha-channel-opacity\"\/>\n\n\n\n<ul>\n<li class=\"has-medium-font-size\"><strong><mark style=\"background-color:#fcb900\" class=\"has-inline-color\">H\u00f4tel Le Beau S\u00e9jour<\/mark><\/strong><\/li>\n<\/ul>\n\n\n\n<p>Adresse : Quartier Vaita 20150 Porto<\/p>\n\n\n\n<p>T\u00e9l\u00e9phone : 04 95 26 12 11<\/p>\n\n\n\n<p>Mail : <a href=\"marcange.spinosi@orange.fr\" data-type=\"URL\" data-id=\"marcange.spinosi@orange.fr\">marcange.spinosi@orange.fr<\/a><\/p>\n\n\n\n<div class=\"wp-block-buttons is-layout-flex\">\n<div class=\"wp-block-button is-style-outline\"><a class=\"wp-block-button__link has-blush-light-purple-gradient-background has-background wp-element-button\" href=\"https:\/\/www.hotellebeausejour.com\/\" target=\"_blank\" rel=\"noreferrer noopener\">Site internet<\/a><\/div>\n<\/div>\n","protected":false},"excerpt":{"rendered":"<p>Tous ces h\u00f4tels sont partenaires bagages, si certains ne proposent pas la demi-pension, des restaurants sont \u00e0 proximit\u00e9 Nous proposons des chalets de 2 chambres au tarif de 90 euros pour 2 personnes\/ 98 euros pour 3 personnes et 120 euros la nuit pour 4 . Ce tarif inclus les draps et les serviettes. Taxe&hellip;<\/p>\n","protected":false},"author":1,"featured_media":0,"parent":0,"menu_order":0,"comment_status":"closed","ping_status":"closed","template":"","meta":[],"_links":{"self":[{"href":"http:\/\/corsicacyclostage.fr\/index.php\/wp-json\/wp\/v2\/pages\/626"}],"collection":[{"href":"http:\/\/corsicacyclostage.fr\/index.php\/wp-json\/wp\/v2\/pages"}],"about":[{"href":"http:\/\/corsicacyclostage.fr\/index.php\/wp-json\/wp\/v2\/types\/page"}],"author":[{"embeddable":true,"href":"http:\/\/corsicacyclostage.fr\/index.php\/wp-json\/wp\/v2\/users\/1"}],"replies":[{"embeddable":true,"href":"http:\/\/corsicacyclostage.fr\/index.php\/wp-json\/wp\/v2\/comments?post=626"}],"version-history":[{"count":42,"href":"http:\/\/corsicacyclostage.fr\/index.php\/wp-json\/wp\/v2\/pages\/626\/revisions"}],"predecessor-version":[{"id":2401,"href":"http:\/\/corsicacyclostage.fr\/index.php\/wp-json\/wp\/v2\/pages\/626\/revisions\/2401"}],"wp:attachment":[{"href":"http:\/\/corsicacyclostage.fr\/index.php\/wp-json\/wp\/v2\/media?parent=626"}],"curies":[{"name":"wp","href":"https:\/\/api.w.org\/{rel}","templated":true}]}}