{"id":634,"date":"2021-02-06T20:15:49","date_gmt":"2021-02-06T19:15:49","guid":{"rendered":"http:\/\/corsicacyclostage.fr\/?page_id=634"},"modified":"2025-07-21T11:22:55","modified_gmt":"2025-07-21T09:22:55","slug":"ghisoni","status":"publish","type":"page","link":"http:\/\/corsicacyclostage.fr\/index.php\/ghisoni\/","title":{"rendered":"Ghisoni \/ Ghisonaccia"},"content":{"rendered":"\n<p class=\"has-vivid-red-color has-text-color\"><strong>Possibilit\u00e9s de g\u00eetes sur le village de Ghisoni<\/strong><\/p>\n\n\n\n<ul>\n<li class=\"has-medium-font-size\"><strong><mark style=\"background-color:#fcb900\" class=\"has-inline-color\">G\u00eete d&rsquo;\u00e9tape U PIANU di L&rsquo;AMICIZIA<\/mark><\/strong><\/li>\n<\/ul>\n\n\n\n<p>Adresse : Quartier U PIANU, Place de la Mairie, 20227 GHISONI<\/p>\n\n\n\n<p>T\u00e9l\u00e9phone : 06.18.75.91.81 &#8211; 04.95.61.87.67<\/p>\n\n\n\n<p>Mail : <a href=\"mailto:sas-pieman@orange.fr\">sas-pieman@orange.fr<\/a><\/p>\n\n\n\n<div class=\"wp-block-buttons is-layout-flex\">\n<div class=\"wp-block-button is-style-outline\"><a class=\"wp-block-button__link has-pale-ocean-gradient-background has-background wp-element-button\" href=\"https:\/\/www.giteupianudilamicizia.com\/\" target=\"_blank\" rel=\"noreferrer noopener\">Site internet<\/a><\/div>\n<\/div>\n\n\n\n<hr class=\"wp-block-separator has-alpha-channel-opacity\"\/>\n\n\n\n<ul>\n<li class=\"has-medium-font-size\"><strong><mark style=\"background-color:#fcb900\" class=\"has-inline-color\">Camping Perla di Mare<\/mark><\/strong><\/li>\n<\/ul>\n\n\n\n<p class=\"has-vivid-red-color has-text-color\"><strong>(obligatoire pour les personnes ayant choisi l&rsquo;option transfert de bagages et d\u00e9placements autocar organisation Ghisoni &#8211; Perla di Mare aller\/retour)<\/strong><\/p>\n\n\n\n<p>Adresse : Route de la mer 20240 Ghisonaccia<\/p>\n\n\n\n<p>T\u00e9l\u00e9phone : 04 95 57 31 66 \/ 04 95 56 53 10<\/p>\n\n\n\n<p>Mail : <a rel=\"noreferrer noopener\" href=\"mailto:contact@perladimare.corsica\" target=\"_blank\">contact@perladimare.corsica<\/a><\/p>\n\n\n\n<div class=\"wp-block-buttons is-layout-flex\">\n<div class=\"wp-block-button is-style-outline\"><a class=\"wp-block-button__link has-pale-ocean-gradient-background has-background wp-element-button\" href=\"https:\/\/www.perla-di-mare.fr\/\" target=\"_blank\" rel=\"noreferrer noopener\">Site internet<\/a><\/div>\n<\/div>\n","protected":false},"excerpt":{"rendered":"<p>Possibilit\u00e9s de g\u00eetes sur le village de Ghisoni Adresse : Quartier U PIANU, Place de la Mairie, 20227 GHISONI T\u00e9l\u00e9phone : 06.18.75.91.81 &#8211; 04.95.61.87.67 Mail : sas-pieman@orange.fr (obligatoire pour les personnes ayant choisi l&rsquo;option transfert de bagages et d\u00e9placements autocar organisation Ghisoni &#8211; Perla di Mare aller\/retour) Adresse : Route de la mer 20240 Ghisonaccia&hellip;<\/p>\n","protected":false},"author":1,"featured_media":0,"parent":0,"menu_order":0,"comment_status":"closed","ping_status":"closed","template":"","meta":[],"_links":{"self":[{"href":"http:\/\/corsicacyclostage.fr\/index.php\/wp-json\/wp\/v2\/pages\/634"}],"collection":[{"href":"http:\/\/corsicacyclostage.fr\/index.php\/wp-json\/wp\/v2\/pages"}],"about":[{"href":"http:\/\/corsicacyclostage.fr\/index.php\/wp-json\/wp\/v2\/types\/page"}],"author":[{"embeddable":true,"href":"http:\/\/corsicacyclostage.fr\/index.php\/wp-json\/wp\/v2\/users\/1"}],"replies":[{"embeddable":true,"href":"http:\/\/corsicacyclostage.fr\/index.php\/wp-json\/wp\/v2\/comments?post=634"}],"version-history":[{"count":25,"href":"http:\/\/corsicacyclostage.fr\/index.php\/wp-json\/wp\/v2\/pages\/634\/revisions"}],"predecessor-version":[{"id":2227,"href":"http:\/\/corsicacyclostage.fr\/index.php\/wp-json\/wp\/v2\/pages\/634\/revisions\/2227"}],"wp:attachment":[{"href":"http:\/\/corsicacyclostage.fr\/index.php\/wp-json\/wp\/v2\/media?parent=634"}],"curies":[{"name":"wp","href":"https:\/\/api.w.org\/{rel}","templated":true}]}}