{"id":455,"date":"2021-01-26T15:40:59","date_gmt":"2021-01-26T14:40:59","guid":{"rendered":"http:\/\/corsicacyclostage.fr\/?page_id=455"},"modified":"2025-10-06T17:34:06","modified_gmt":"2025-10-06T15:34:06","slug":"maillot-collector","status":"publish","type":"page","link":"https:\/\/corsicacyclostage.fr\/index.php\/maillot-collector\/","title":{"rendered":"Maillot Collector"},"content":{"rendered":"\n<p><\/p>\n\n\n\n<div class=\"wp-block-buttons is-layout-flex\">\n<div class=\"wp-block-button is-style-outline\"><a class=\"wp-block-button__link has-electric-grass-gradient-background has-background wp-element-button\" href=\"https:\/\/3d.santinisms.it\/SANTINI\/24501_G1\/CS940LOG_G1\/\" target=\"_blank\" rel=\"noreferrer noopener\">Maillot leader g\u00e9n\u00e9ral homme\/femme 2026<\/a><\/div>\n\n\n\n<div class=\"wp-block-button is-style-outline\"><a class=\"wp-block-button__link has-luminous-vivid-amber-to-luminous-vivid-orange-gradient-background has-background wp-element-button\" href=\"https:\/\/3d.santinisms.it\/SANTINI\/24501_F3\/CS940LOG_F3\/\" target=\"_blank\" rel=\"noreferrer noopener\">Maillot Collector 2026<\/a><\/div>\n\n\n\n<div class=\"wp-block-button is-style-outline\"><a class=\"wp-block-button__link has-pale-ocean-gradient-background has-background wp-element-button\" href=\"http:\/\/corsicacyclostage.fr\/wp-content\/uploads\/2024\/11\/MAN_EN.jpg\" target=\"_blank\" rel=\"noreferrer noopener\">Guide des tailles 2026<\/a><\/div>\n<\/div>\n\n\n\n<p><strong>Le maillot Collector est compris dans le prix de l\u2019engagement, et ce jusqu\u2019au 05 Mai 2026 inclus, cl\u00f4ture des inscriptions.<\/strong><\/p>\n\n\n\n<p>Tarif :<\/p>\n\n\n\n<ul>\n<li>180 \u20ac avec maillot collector si inscription avant le : dimanche 29 Mars 2026 minuit .<\/li>\n\n\n\n<li>200 \u20ac avec maillot collector \u00e0 partir du : lundi 30 Mars 2026.<\/li>\n\n\n\n<li>230 \u20ac avec maillot collector \u00e0 partir du : lundi 27 Avril 2026.<\/li>\n<\/ul>\n\n\n\n<p><strong>Possibilit\u00e9 de commander un maillot suppl\u00e9mentaire Collector par mail \u00e0 l&rsquo;adresse : jean-marc.angelotti@orange.fr jusqu&rsquo;au 30 Mars 2026<\/strong> (voir tarif dans l&rsquo;onglet boutique).<\/p>\n","protected":false},"excerpt":{"rendered":"<p>Le maillot Collector est compris dans le prix de l\u2019engagement, et ce jusqu\u2019au 05 Mai 2026 inclus, cl\u00f4ture des inscriptions. Tarif : Possibilit\u00e9 de commander un maillot suppl\u00e9mentaire Collector par mail \u00e0 l&rsquo;adresse : jean-marc.angelotti@orange.fr jusqu&rsquo;au 30 Mars 2026 (voir tarif dans l&rsquo;onglet boutique).<\/p>\n","protected":false},"author":1,"featured_media":0,"parent":0,"menu_order":0,"comment_status":"closed","ping_status":"closed","template":"","meta":[],"_links":{"self":[{"href":"https:\/\/corsicacyclostage.fr\/index.php\/wp-json\/wp\/v2\/pages\/455"}],"collection":[{"href":"https:\/\/corsicacyclostage.fr\/index.php\/wp-json\/wp\/v2\/pages"}],"about":[{"href":"https:\/\/corsicacyclostage.fr\/index.php\/wp-json\/wp\/v2\/types\/page"}],"author":[{"embeddable":true,"href":"https:\/\/corsicacyclostage.fr\/index.php\/wp-json\/wp\/v2\/users\/1"}],"replies":[{"embeddable":true,"href":"https:\/\/corsicacyclostage.fr\/index.php\/wp-json\/wp\/v2\/comments?post=455"}],"version-history":[{"count":41,"href":"https:\/\/corsicacyclostage.fr\/index.php\/wp-json\/wp\/v2\/pages\/455\/revisions"}],"predecessor-version":[{"id":2369,"href":"https:\/\/corsicacyclostage.fr\/index.php\/wp-json\/wp\/v2\/pages\/455\/revisions\/2369"}],"wp:attachment":[{"href":"https:\/\/corsicacyclostage.fr\/index.php\/wp-json\/wp\/v2\/media?parent=455"}],"curies":[{"name":"wp","href":"https:\/\/api.w.org\/{rel}","templated":true}]}}